{"id":3446,"date":"2023-12-11T14:58:43","date_gmt":"2023-12-11T13:58:43","guid":{"rendered":"https:\/\/www.epcommodities.cz\/?page_id=3446"},"modified":"2023-12-12T14:38:46","modified_gmt":"2023-12-12T13:38:46","slug":"whistleblowing","status":"publish","type":"page","link":"https:\/\/www.epcommodities.cz\/en\/whistleblowing\/","title":{"rendered":"Whistleblowing"},"content":{"rendered":"\n<h5 class=\"has-text-align-center wp-block-heading\"><strong><strong>The internal whistleblowing system of company EP Commodities, a.s. within the meaning of Act No. 171\/2023 Coll., on Whistleblower Protection<\/strong><\/strong><\/h5>\n\n\n\n<div style=\"height:25px\" aria-hidden=\"true\" class=\"wp-block-spacer\"><\/div>\n\n\n\n<p><strong>The designated person within the meaning of Act No. 171\/2023 Coll., on Whistleblower Protection, for the company EP Commodities, a.s. is:<\/strong><\/p>\n\n\n\n<p>Jana Slav\u00ed\u010dek Krautwurmov\u00e1<br>tel.: +420 234 769 696<br>e-mail:<a href=\"mailto:jana.krautwurmova@epcommodities.cz\">jana.krautwurmova@epcommodities.cz<\/a><\/p>\n\n\n\n<p class=\"has-small-font-size\"><em>The email address of the designated person is only for the purpose of arranging an appointment for reporting in person, not for making reports by email.<\/em><\/p>\n\n\n\n<div style=\"height:20px\" aria-hidden=\"true\" class=\"wp-block-spacer\"><\/div>\n\n\n\n<p><strong>Reports can be made:<\/strong><\/p>\n\n\n\n<ul class=\"wp-block-list\">\n<li>in writing, via the secured Whistlelink web interface (see below),<\/li>\n\n\n\n<li>orally, either:\n<ul class=\"wp-block-list\">\n<li>by making an audio recording via the secured Whistlelink web interface (see below); or<\/li>\n\n\n\n<li>by reporting in person to a designated person.<\/li>\n<\/ul>\n<\/li>\n<\/ul>\n\n\n\n<div style=\"height:20px\" aria-hidden=\"true\" class=\"wp-block-spacer\"><\/div>\n\n\n\n<p><strong><strong>Our preferred reporting channel is the secured Whistlelink web interface, which can be accessed from<\/strong><\/strong>:<\/p>\n\n\n\n<p><a style=\"font-weight: bold;\" href=\"https:\/\/epcommodities.whistlelink.com\" target=\"_blank\" rel=\"noreferrer noopener\">https:\/\/epcommodities.whistlelink.com<\/a><span><b> <strong>for<\/strong> EP Commodities, a.s.<\/b><\/span><\/p>\n\n\n\n<p class=\"has-text-align-left\">Notifications under Act No. 171\/2023 Coll., on Whistleblower Protection, can also be made through the Ministry of Justice&#8217;s external notification system.<\/p>\n","protected":false},"excerpt":{"rendered":"<p>The internal whistleblowing system of company EP Commodities, a.s. within the meaning of Act No. 171\/2023 Coll., on Whistleblower Protection The designated person within the meaning of Act No. 171\/2023 Coll., on Whistleblower Protection, for the company EP Commodities, a.s. is: Jana Slav\u00ed\u010dek Krautwurmov\u00e1tel.: +420 234 769 696e-mail:jana.krautwurmova@epcommodities.cz The email address of the designated person [&hellip;]<\/p>\n","protected":false},"author":20,"featured_media":0,"parent":0,"menu_order":2,"comment_status":"closed","ping_status":"closed","template":"tpl-full-width-nejnizsi.php","meta":{"footnotes":""},"class_list":["post-3446","page","type-page","status-publish","hentry"],"acf":[],"aioseo_notices":[],"_links":{"self":[{"href":"https:\/\/www.epcommodities.cz\/en\/wp-json\/wp\/v2\/pages\/3446","targetHints":{"allow":["GET"]}}],"collection":[{"href":"https:\/\/www.epcommodities.cz\/en\/wp-json\/wp\/v2\/pages"}],"about":[{"href":"https:\/\/www.epcommodities.cz\/en\/wp-json\/wp\/v2\/types\/page"}],"author":[{"embeddable":true,"href":"https:\/\/www.epcommodities.cz\/en\/wp-json\/wp\/v2\/users\/20"}],"replies":[{"embeddable":true,"href":"https:\/\/www.epcommodities.cz\/en\/wp-json\/wp\/v2\/comments?post=3446"}],"version-history":[{"count":8,"href":"https:\/\/www.epcommodities.cz\/en\/wp-json\/wp\/v2\/pages\/3446\/revisions"}],"predecessor-version":[{"id":3462,"href":"https:\/\/www.epcommodities.cz\/en\/wp-json\/wp\/v2\/pages\/3446\/revisions\/3462"}],"wp:attachment":[{"href":"https:\/\/www.epcommodities.cz\/en\/wp-json\/wp\/v2\/media?parent=3446"}],"curies":[{"name":"wp","href":"https:\/\/api.w.org\/{rel}","templated":true}]}}